{"id":2605,"date":"2023-12-20T11:43:34","date_gmt":"2023-12-20T10:43:34","guid":{"rendered":"https:\/\/clients2.regisnicolo.fr\/?page_id=2605"},"modified":"2025-09-19T10:11:38","modified_gmt":"2025-09-19T08:11:38","slug":"marche-gourmande-2","status":"publish","type":"page","link":"https:\/\/www.cretesetvallees.fr\/index.php\/marche-gourmande-2\/","title":{"rendered":"Marche Gourmande"},"content":{"rendered":"<div class=\"wp-block-image\">\n<figure class=\"aligncenter size-full\"><img loading=\"lazy\" decoding=\"async\" width=\"600\" height=\"399\" src=\"https:\/\/cretesetvallees.fr\/wp-content\/uploads\/2025\/06\/1-2.jpg\" alt=\"\" class=\"wp-image-4899\" srcset=\"https:\/\/www.cretesetvallees.fr\/wp-content\/uploads\/2025\/06\/1-2.jpg 600w, https:\/\/www.cretesetvallees.fr\/wp-content\/uploads\/2025\/06\/1-2-300x200.jpg 300w\" sizes=\"auto, (max-width: 600px) 100vw, 600px\" \/><\/figure>\n<\/div>\n\n\n<h2 class=\"wp-block-heading has-text-align-center\">Historique<\/h2>\n\n\n\n<p>Juillet 2008, les responsables de Cr\u00eates et Vall\u00e9es se rendent en Vend\u00e9e, \u00e0 Boup\u00e8re pour participer \u00e0 une marche gourmande qui r\u00e9unit 1 000 personnes. Nos responsables sont emball\u00e9s, ils veulent organiser une manifestation similaire \u00e0 Saint-Aubin. Ils d\u00e9cident d\u2019aller en parler au maire de l\u2019\u00e9poque, Pierre Esnault. Parall\u00e8lement, ils trouvent plusieurs lieux sur la commune pour installer les stands (ap\u00e9ritifs, entr\u00e9es,&nbsp; plat chaud, desserts et caf\u00e9s). Il faut \u00e9galement r\u00e9colter de l\u2019argent en sollicitant les commer\u00e7ants.<\/p>\n\n\n\n<p>La premi\u00e8re marche gourmande a lieu en 2010, on recense 221 personnes (avec les b\u00e9n\u00e9voles).<\/p>\n\n\n\n<p>Depuis, cette marche ne cesse de prendre de l\u2019ampleur : la 10eme marche gourmande \u00e0 eu lieu en juin 2019 avec 500 participants auxquels il faut ajouter une cinquantaine de b\u00e9n\u00e9voles.<\/p>\n\n\n\n<p>Apr\u00e8s une pause forc\u00e9e pour cause de pand\u00e9mie, la 11\u00e8me \u00e9dition s&rsquo;est d\u00e9roul\u00e9e le 24 Juin 2023 et a r\u00e9uni plus de 350 personnes.<\/p>\n\n\n\n<p>La marche gourmande anime Saint-Aubin soit le dernier samedi de juin, soit le premier samedi de juillet.<\/p>\n\n\n\n<div class=\"wp-block-columns is-layout-flex wp-container-core-columns-is-layout-9d6595d7 wp-block-columns-is-layout-flex\">\n<div class=\"wp-block-column is-layout-flow wp-block-column-is-layout-flow\"><div class=\"wp-block-image\">\n<figure class=\"aligncenter size-full\"><img loading=\"lazy\" decoding=\"async\" width=\"600\" height=\"399\" src=\"https:\/\/cretesetvallees.fr\/wp-content\/uploads\/2024\/08\/IMG_0062.jpg\" alt=\"\" class=\"wp-image-2640\" srcset=\"https:\/\/www.cretesetvallees.fr\/wp-content\/uploads\/2024\/08\/IMG_0062.jpg 600w, https:\/\/www.cretesetvallees.fr\/wp-content\/uploads\/2024\/08\/IMG_0062-300x200.jpg 300w, https:\/\/www.cretesetvallees.fr\/wp-content\/uploads\/2024\/08\/IMG_0062-272x182.jpg 272w\" sizes=\"auto, (max-width: 600px) 100vw, 600px\" \/><\/figure>\n<\/div><\/div>\n\n\n\n<div class=\"wp-block-column is-layout-flow wp-block-column-is-layout-flow\"><div class=\"wp-block-image\">\n<figure class=\"aligncenter size-full\"><img loading=\"lazy\" decoding=\"async\" width=\"600\" height=\"399\" src=\"https:\/\/cretesetvallees.fr\/wp-content\/uploads\/2024\/08\/IMG_0099.jpg\" alt=\"\" class=\"wp-image-2642\" srcset=\"https:\/\/www.cretesetvallees.fr\/wp-content\/uploads\/2024\/08\/IMG_0099.jpg 600w, https:\/\/www.cretesetvallees.fr\/wp-content\/uploads\/2024\/08\/IMG_0099-300x200.jpg 300w, https:\/\/www.cretesetvallees.fr\/wp-content\/uploads\/2024\/08\/IMG_0099-272x182.jpg 272w\" sizes=\"auto, (max-width: 600px) 100vw, 600px\" \/><\/figure>\n<\/div><\/div>\n<\/div>\n\n\n\n<div class=\"wp-block-columns is-layout-flex wp-container-core-columns-is-layout-9d6595d7 wp-block-columns-is-layout-flex\">\n<div class=\"wp-block-column is-layout-flow wp-block-column-is-layout-flow\">\n<h2 class=\"wp-block-heading has-text-align-center\">L&rsquo;\u00e9dition 2025<\/h2>\n\n\n\n<p class=\"has-text-align-center\">Voir <a href=\"https:\/\/cretesetvallees.fr\/index.php\/2025\/08\/02\/marche-gourmande-2025\/\">l&rsquo;article<\/a><\/p>\n\n\n\n<p><\/p>\n\n\n\n<h5 class=\"wp-block-heading\"><em>Article paru dans le Saint-Aubin Info :<\/em><\/h5>\n\n\n<div class=\"wp-block-image\">\n<figure class=\"aligncenter size-full\"><img loading=\"lazy\" decoding=\"async\" width=\"1095\" height=\"1600\" src=\"https:\/\/cretesetvallees.fr\/wp-content\/uploads\/2025\/09\/StAubin_Info.jpg\" alt=\"\" class=\"wp-image-5046\" srcset=\"https:\/\/www.cretesetvallees.fr\/wp-content\/uploads\/2025\/09\/StAubin_Info.jpg 1095w, https:\/\/www.cretesetvallees.fr\/wp-content\/uploads\/2025\/09\/StAubin_Info-205x300.jpg 205w, https:\/\/www.cretesetvallees.fr\/wp-content\/uploads\/2025\/09\/StAubin_Info-701x1024.jpg 701w, https:\/\/www.cretesetvallees.fr\/wp-content\/uploads\/2025\/09\/StAubin_Info-768x1122.jpg 768w, https:\/\/www.cretesetvallees.fr\/wp-content\/uploads\/2025\/09\/StAubin_Info-1051x1536.jpg 1051w, https:\/\/www.cretesetvallees.fr\/wp-content\/uploads\/2025\/09\/StAubin_Info-676x988.jpg 676w\" sizes=\"auto, (max-width: 1095px) 100vw, 1095px\" \/><\/figure>\n<\/div><\/div>\n<\/div>\n\n\n\n<h2 class=\"wp-block-heading has-text-align-center\">Les marches 2023 et 2024<\/h2>\n\n\n<div class=\"wp-block-image\">\n<figure class=\"aligncenter size-full\"><a href=\"https:\/\/marche-gourmande.cretesetvallees.fr\/\"><img loading=\"lazy\" decoding=\"async\" width=\"801\" height=\"432\" src=\"https:\/\/cretesetvallees.fr\/wp-content\/uploads\/2024\/08\/MG24-illu.jpg\" alt=\"\" class=\"wp-image-2647\" srcset=\"https:\/\/www.cretesetvallees.fr\/wp-content\/uploads\/2024\/08\/MG24-illu.jpg 801w, https:\/\/www.cretesetvallees.fr\/wp-content\/uploads\/2024\/08\/MG24-illu-300x162.jpg 300w, https:\/\/www.cretesetvallees.fr\/wp-content\/uploads\/2024\/08\/MG24-illu-768x414.jpg 768w, https:\/\/www.cretesetvallees.fr\/wp-content\/uploads\/2024\/08\/MG24-illu-676x365.jpg 676w\" sizes=\"auto, (max-width: 801px) 100vw, 801px\" \/><\/a><\/figure>\n<\/div>\n\n\n<h2 class=\"wp-block-heading has-text-align-center\">Nos partenaires<\/h2>\n\n\n\n<div class=\"wp-block-carousel-slider-slider\"><div class=\"carousel-slider-outer carousel-slider-outer-image-carousel carousel-slider-outer-442\" style=\"--carousel-slider-nav-color:#4caf50;--carousel-slider-active-nav-color:#00d1b2;--carousel-slider-arrow-size:48px;--carousel-slider-bullet-size:10px\">\n<div id=\"&#039;id-442\" class=\"carousel-slider carousel-slider-442 arrows-visibility-hover dots-visibility-never arrows-outside dots-center dots-square owl-carousel\" data-slide-type=\"image-carousel\" data-owl-settings='{\"nav\":true,\"dots\":false,\"slideBy\":1,\"stagePadding\":0,\"margin\":30,\"loop\":true,\"lazyLoad\":true,\"autoplay\":true,\"autoplayTimeout\":5000,\"autoplaySpeed\":1000,\"autoplayHoverPause\":true,\"autoWidth\":true,\"responsive\":{\"300\":{\"items\":1},\"576\":{\"items\":2},\"768\":{\"items\":2},\"1024\":{\"items\":3},\"1280\":{\"items\":4},\"1536\":{\"items\":5}}}'>\n<div class=\"carousel-slider__item\">\n\t<a href=\"https:\/\/www.saint-aubin-daubigne.fr\/\" target=\"_self\"><img class=\"owl-lazy\" data-src=\"https:\/\/www.cretesetvallees.fr\/wp-content\/uploads\/2025\/04\/Mairie-1.png\" alt=\"\"><\/a><\/div>\n\n<div class=\"carousel-slider__item\">\n\t<a href=\"https:\/\/www.cabinetchateaubriand.com\/\" target=\"_self\"><img class=\"owl-lazy\" data-src=\"https:\/\/www.cretesetvallees.fr\/wp-content\/uploads\/2025\/04\/Cabinet-Chateaubriand-300x130.png\" alt=\"\"><\/a><\/div>\n\n<div class=\"carousel-slider__item\">\n\t<a href=\"https:\/\/www.finette-et-seslunettes.fr\/\" target=\"_self\"><img class=\"owl-lazy\" data-src=\"https:\/\/www.cretesetvallees.fr\/wp-content\/uploads\/2025\/04\/Finette-300x169.png\" alt=\"\"><\/a><\/div>\n\n<div class=\"carousel-slider__item\">\n\t<a href=\"https:\/\/www.facebook.com\/laMarquedeCain\" target=\"_self\"><img class=\"owl-lazy\" data-src=\"https:\/\/www.cretesetvallees.fr\/wp-content\/uploads\/2025\/04\/La-marque-de-Gain-300x187.png\" alt=\"\"><\/a><\/div>\n\n<div class=\"carousel-slider__item\">\n\t<a href=\"https:\/\/lefevrepaysage.wixsite.com\/lefevre-paysage\" target=\"_self\"><img class=\"owl-lazy\" data-src=\"https:\/\/www.cretesetvallees.fr\/wp-content\/uploads\/2025\/04\/Lefevre-Paysage-300x98.jpg\" alt=\"\"><\/a><\/div>\n\n<div class=\"carousel-slider__item\">\n\t<a href=\"https:\/\/www.maisongasnier.fr\/\" target=\"_self\"><img class=\"owl-lazy\" data-src=\"https:\/\/www.cretesetvallees.fr\/wp-content\/uploads\/2025\/04\/Maison-Gasnier.png\" alt=\"\"><\/a><\/div>\n\n<div class=\"carousel-slider__item\">\n\t<a href=\"https:\/\/artombal.fr\/fr\/module\/storelocator\/storedetails?id=141&#038;rewrite=sofunair-andouille-neuville&#038;module=storelocator\" target=\"_self\"><img class=\"owl-lazy\" data-src=\"https:\/\/www.cretesetvallees.fr\/wp-content\/uploads\/2025\/04\/Marbrerie-Sofunair-300x159.png\" alt=\"\"><\/a><\/div>\n\n<div class=\"carousel-slider__item\">\n\t<a href=\"https:\/\/nolwenncaillardphotographe.fr\/\" target=\"_self\"><img class=\"owl-lazy\" data-src=\"https:\/\/www.cretesetvallees.fr\/wp-content\/uploads\/2025\/04\/NC-Photographe.png\" alt=\"\"><\/a><\/div>\n\n<div class=\"carousel-slider__item\">\n\t<a href=\"https:\/\/www.menuiserie-honore-35.fr\/\" target=\"_self\"><img class=\"owl-lazy\" data-src=\"https:\/\/www.cretesetvallees.fr\/wp-content\/uploads\/2025\/04\/OH-Menuiserie-300x116.png\" alt=\"\"><\/a><\/div>\n\n<div class=\"carousel-slider__item\">\n\t<a href=\"https:\/\/parimac-traiteur.fr\/\" target=\"_self\"><img class=\"owl-lazy\" data-src=\"https:\/\/www.cretesetvallees.fr\/wp-content\/uploads\/2025\/04\/Parimac.png\" alt=\"\"><\/a><\/div>\n\n<div class=\"carousel-slider__item\">\n\t<a href=\"https:\/\/www.facebook.com\/votreboutiqueiletaitunefois\/?locale=fr_FR\" target=\"_self\"><img class=\"owl-lazy\" data-src=\"https:\/\/www.cretesetvallees.fr\/wp-content\/uploads\/2025\/04\/Il-etait-une-fois.png\" alt=\"\"><\/a><\/div>\n\n<div class=\"carousel-slider__item\">\n\t<a href=\"https:\/\/www.facebook.com\/p\/AXA-Stainczyk-Lauriere-Saint-Aubin-dAubign%C3%A9-Cesson-S%C3%A9vign%C3%A9-100059867142137\/?locale=fr_FR\" target=\"_self\"><img class=\"owl-lazy\" data-src=\"https:\/\/www.cretesetvallees.fr\/wp-content\/uploads\/2025\/04\/SL.png\" alt=\"\"><\/a><\/div>\n\n<div class=\"carousel-slider__item\">\n\t<a href=\"https:\/\/urbann-coiffure-35.fr\/\" target=\"_self\"><img class=\"owl-lazy\" data-src=\"https:\/\/www.cretesetvallees.fr\/wp-content\/uploads\/2025\/04\/Urbann-Coiffure-300x183.png\" alt=\"\"><\/a><\/div>\n\n<div class=\"carousel-slider__item\">\n\t<a href=\"https:\/\/www.pagesjaunes.fr\/pros\/55925410\" target=\"_self\"><img class=\"owl-lazy\" data-src=\"https:\/\/www.cretesetvallees.fr\/wp-content\/uploads\/2025\/04\/CD-elec-300x188.png\" alt=\"\"><\/a><\/div>\n\n<div class=\"carousel-slider__item\">\n\t<a href=\"https:\/\/www.facebook.com\/StAubinAuto\/?locale=fr_FR\" target=\"_self\"><img class=\"owl-lazy\" data-src=\"https:\/\/www.cretesetvallees.fr\/wp-content\/uploads\/2025\/04\/Saint-Aubin-automobile-300x147.png\" alt=\"\"><\/a><\/div>\n\n<div class=\"carousel-slider__item\">\n\t<a href=\"https:\/\/www.coursesu.com\/drive-superu-saintaubindaubigne?gad_source=1&#038;gclid=Cj0KCQjwqv2_BhC0ARIsAFb5Ac-7k3upEHKzFQNu9Km1LYJVi_Y3wINhRdvIl0DKCtPUT29nAwKXMP4aAp1KEALw_wcB#utm_medium=cpc&#038;utm_source=google&#038;utm_campaign=EnseignesVille&#038;utm_content=adgroup&#038;utm_term=super%20u%20saint%20aubin&#038;s_kwcid=AL!7209!3!707615826152!p!!g!!super%20u%20saint%20aubin\" target=\"_self\"><img class=\"owl-lazy\" data-src=\"https:\/\/www.cretesetvallees.fr\/wp-content\/uploads\/2025\/04\/SuperU-300x89.png\" alt=\"\"><\/a><\/div>\n\n<div class=\"carousel-slider__item\">\n\t<a href=\"https:\/\/www.csp-auto-ecole.fr\/\" target=\"_self\"><img class=\"owl-lazy\" data-src=\"https:\/\/www.cretesetvallees.fr\/wp-content\/uploads\/2025\/04\/CSP-Auto-ecole-186x300.png\" alt=\"\"><\/a><\/div>\n\n<div class=\"carousel-slider__item\">\n\t<a href=\"https:\/\/www.crespel-voyages.fr\/\" target=\"_self\"><img class=\"owl-lazy\" data-src=\"https:\/\/www.cretesetvallees.fr\/wp-content\/uploads\/2025\/04\/Crespel-Voyage-300x99.png\" alt=\"\"><\/a><\/div>\n\n<div class=\"carousel-slider__item\">\n\t<a href=\"https:\/\/peinture-decoration-35.fr\/\" target=\"_self\"><img class=\"owl-lazy\" data-src=\"https:\/\/www.cretesetvallees.fr\/wp-content\/uploads\/2025\/04\/Robert-300x195.png\" alt=\"\"><\/a><\/div>\n\n<div class=\"carousel-slider__item\">\n\t<a href=\"https:\/\/reparateur.precisium.fr\/fr\/france-FR\/saint-aubin-daubigne\/results\" target=\"_self\"><img class=\"owl-lazy\" data-src=\"https:\/\/www.cretesetvallees.fr\/wp-content\/uploads\/2025\/04\/Precisium-300x202.png\" alt=\"\"><\/a><\/div>\n\n<div class=\"carousel-slider__item\">\n\t<a href=\"https:\/\/le-chasne.fr\/\" target=\"_self\"><img class=\"owl-lazy\" data-src=\"https:\/\/www.cretesetvallees.fr\/wp-content\/uploads\/2025\/04\/Le-chasne-300x185.png\" alt=\"\"><\/a><\/div>\n\n<div class=\"carousel-slider__item\">\n\t<a href=\"https:\/\/magasins.atol.fr\/france\/access-saint-aubin-d-aubigne-263\" target=\"_self\"><img class=\"owl-lazy\" data-src=\"https:\/\/www.cretesetvallees.fr\/wp-content\/uploads\/2025\/04\/Atol-1-300x191.png\" alt=\"\"><\/a><\/div>\n\n<div class=\"carousel-slider__item\">\n\t<a href=\"https:\/\/www.cmb.fr\/reseau-bancaire-cooperatif\/web\/recherche-agence-credit-mutuel-de-bretagne\/ille-et-vilaine\/st-aubin-d-aubigne\/pays-d-aubigne-35250\" target=\"_self\"><img class=\"owl-lazy\" data-src=\"https:\/\/www.cretesetvallees.fr\/wp-content\/uploads\/2025\/04\/CMB-300x89.png\" alt=\"\"><\/a><\/div>\n\n<div class=\"carousel-slider__item\">\n\t<a href=\"https:\/\/www.planity.com\/harmony-coiffure-35250-saint-aubin-daubigne\" target=\"_self\"><img class=\"owl-lazy\" data-src=\"https:\/\/www.cretesetvallees.fr\/wp-content\/uploads\/2025\/04\/Harmony-Coiffure-300x203.png\" alt=\"\"><\/a><\/div>\n\n<div class=\"carousel-slider__item\">\n\t<a href=\"https:\/\/touchebouilly35.ffe.com\/\" target=\"_self\"><img class=\"owl-lazy\" data-src=\"https:\/\/www.cretesetvallees.fr\/wp-content\/uploads\/2025\/04\/La-touche-Bouilly.png\" alt=\"\"><\/a><\/div>\n\n<div class=\"carousel-slider__item\">\n\t<a href=\"https:\/\/www.planity.com\/parenthese-beaute-35250-saint-aubin-daubigne\" target=\"_self\"><img class=\"owl-lazy\" data-src=\"https:\/\/www.cretesetvallees.fr\/wp-content\/uploads\/2025\/04\/Parenthese-Beaute-300x174.png\" alt=\"\"><\/a><\/div>\n\n<div class=\"carousel-slider__item\">\n\t<a href=\"https:\/\/www.bienvenue-a-la-ferme.com\/bretagne\/ille-et-vilaine\/mont-dol\/ferme\/les-volailles-mont-doloises\/433903\" target=\"_self\"><img class=\"owl-lazy\" data-src=\"https:\/\/www.cretesetvallees.fr\/wp-content\/uploads\/2025\/04\/Les-Volailles-Mont-Doloises-300x178.png\" alt=\"\"><\/a><\/div>\n\n<div class=\"carousel-slider__item\">\n\t<a href=\"https:\/\/agence.axa.fr\/distributeur\/0003995704\" target=\"_self\"><img class=\"owl-lazy\" data-src=\"https:\/\/www.cretesetvallees.fr\/wp-content\/uploads\/2025\/04\/Axa.png\" alt=\"\"><\/a><\/div>\n\n<\/div><!-- .carousel-slider-442 -->\n<\/div><!-- .carousel-slider-outer-442 -->\n<\/div>\n","protected":false},"excerpt":{"rendered":"<p>Historique Juillet 2008, les responsables de Cr\u00eates et Vall\u00e9es se rendent en Vend\u00e9e, \u00e0 Boup\u00e8re pour participer \u00e0 une marche gourmande qui r\u00e9unit 1 000 personnes. Nos responsables sont emball\u00e9s, [&hellip;]<\/p>\n","protected":false},"author":1,"featured_media":0,"parent":0,"menu_order":0,"comment_status":"closed","ping_status":"closed","template":"template-fullwidth.php","meta":{"_uag_custom_page_level_css":"h2 {\n\tcolor: rgb(55,99,63);\n\tfont-weight:bold;\n}\n.post-content {\npadding : 0 2em;\n}\n.owl-stage-outer {\nbackground-color : rgba(163, 198, 81,0.7)!important;\npadding: 1em 0;\n}","_monsterinsights_skip_tracking":false,"_monsterinsights_sitenote_active":false,"_monsterinsights_sitenote_note":"","_monsterinsights_sitenote_category":0,"_EventAllDay":false,"_EventTimezone":"","_EventStartDate":"","_EventEndDate":"","_EventStartDateUTC":"","_EventEndDateUTC":"","_EventShowMap":false,"_EventShowMapLink":false,"_EventURL":"","_EventCost":"","_EventCostDescription":"","_EventCurrencySymbol":"","_EventCurrencyCode":"","_EventCurrencyPosition":"","_EventDateTimeSeparator":"","_EventTimeRangeSeparator":"","_EventOrganizerID":[],"_EventVenueID":[],"_OrganizerEmail":"","_OrganizerPhone":"","_OrganizerWebsite":"","_VenueAddress":"","_VenueCity":"","_VenueCountry":"","_VenueProvince":"","_VenueState":"","_VenueZip":"","_VenuePhone":"","_VenueURL":"","_VenueStateProvince":"","_VenueLat":"","_VenueLng":"","_VenueShowMap":false,"_VenueShowMapLink":false,"footnotes":""},"class_list":["post-2605","page","type-page","status-publish","hentry","post-preview"],"yoast_head":"<!-- This site is optimized with the Yoast SEO plugin v27.5 - https:\/\/yoast.com\/product\/yoast-seo-wordpress\/ -->\n<title>Marche Gourmande - Cr\u00eates et Vall\u00e9es<\/title>\n<meta name=\"robots\" content=\"index, follow, max-snippet:-1, max-image-preview:large, max-video-preview:-1\" \/>\n<link rel=\"canonical\" href=\"https:\/\/cretesetvallees.fr\/index.php\/marche-gourmande-2\/\" \/>\n<meta property=\"og:locale\" content=\"fr_FR\" \/>\n<meta property=\"og:type\" content=\"article\" \/>\n<meta property=\"og:title\" content=\"Marche Gourmande - Cr\u00eates et Vall\u00e9es\" \/>\n<meta property=\"og:description\" content=\"Historique Juillet 2008, les responsables de Cr\u00eates et Vall\u00e9es se rendent en Vend\u00e9e, \u00e0 Boup\u00e8re pour participer \u00e0 une marche gourmande qui r\u00e9unit 1 000 personnes. Nos responsables sont emball\u00e9s, [&hellip;]\" \/>\n<meta property=\"og:url\" content=\"https:\/\/cretesetvallees.fr\/index.php\/marche-gourmande-2\/\" \/>\n<meta property=\"og:site_name\" content=\"Cr\u00eates et Vall\u00e9es\" \/>\n<meta property=\"article:modified_time\" content=\"2025-09-19T08:11:38+00:00\" \/>\n<meta property=\"og:image\" content=\"https:\/\/cretesetvallees.fr\/wp-content\/uploads\/2025\/06\/1-2.jpg\" \/>\n<meta name=\"twitter:card\" content=\"summary_large_image\" \/>\n<meta name=\"twitter:label1\" content=\"Dur\u00e9e de lecture estim\u00e9e\" \/>\n\t<meta name=\"twitter:data1\" content=\"2 minutes\" \/>\n<script type=\"application\/ld+json\" class=\"yoast-schema-graph\">{\"@context\":\"https:\\\/\\\/schema.org\",\"@graph\":[{\"@type\":\"WebPage\",\"@id\":\"https:\\\/\\\/cretesetvallees.fr\\\/index.php\\\/marche-gourmande-2\\\/\",\"url\":\"https:\\\/\\\/cretesetvallees.fr\\\/index.php\\\/marche-gourmande-2\\\/\",\"name\":\"Marche Gourmande - Cr\u00eates et Vall\u00e9es\",\"isPartOf\":{\"@id\":\"https:\\\/\\\/cretesetvallees.fr\\\/#website\"},\"primaryImageOfPage\":{\"@id\":\"https:\\\/\\\/cretesetvallees.fr\\\/index.php\\\/marche-gourmande-2\\\/#primaryimage\"},\"image\":{\"@id\":\"https:\\\/\\\/cretesetvallees.fr\\\/index.php\\\/marche-gourmande-2\\\/#primaryimage\"},\"thumbnailUrl\":\"https:\\\/\\\/cretesetvallees.fr\\\/wp-content\\\/uploads\\\/2025\\\/06\\\/1-2.jpg\",\"datePublished\":\"2023-12-20T10:43:34+00:00\",\"dateModified\":\"2025-09-19T08:11:38+00:00\",\"breadcrumb\":{\"@id\":\"https:\\\/\\\/cretesetvallees.fr\\\/index.php\\\/marche-gourmande-2\\\/#breadcrumb\"},\"inLanguage\":\"fr-FR\",\"potentialAction\":[{\"@type\":\"ReadAction\",\"target\":[\"https:\\\/\\\/cretesetvallees.fr\\\/index.php\\\/marche-gourmande-2\\\/\"]}]},{\"@type\":\"ImageObject\",\"inLanguage\":\"fr-FR\",\"@id\":\"https:\\\/\\\/cretesetvallees.fr\\\/index.php\\\/marche-gourmande-2\\\/#primaryimage\",\"url\":\"https:\\\/\\\/cretesetvallees.fr\\\/wp-content\\\/uploads\\\/2025\\\/06\\\/1-2.jpg\",\"contentUrl\":\"https:\\\/\\\/cretesetvallees.fr\\\/wp-content\\\/uploads\\\/2025\\\/06\\\/1-2.jpg\"},{\"@type\":\"BreadcrumbList\",\"@id\":\"https:\\\/\\\/cretesetvallees.fr\\\/index.php\\\/marche-gourmande-2\\\/#breadcrumb\",\"itemListElement\":[{\"@type\":\"ListItem\",\"position\":1,\"name\":\"Accueil\",\"item\":\"https:\\\/\\\/cretesetvallees.fr\\\/\"},{\"@type\":\"ListItem\",\"position\":2,\"name\":\"Marche Gourmande\"}]},{\"@type\":\"WebSite\",\"@id\":\"https:\\\/\\\/cretesetvallees.fr\\\/#website\",\"url\":\"https:\\\/\\\/cretesetvallees.fr\\\/\",\"name\":\"Cr\u00eates et Vall\u00e9es\",\"description\":\"\",\"potentialAction\":[{\"@type\":\"SearchAction\",\"target\":{\"@type\":\"EntryPoint\",\"urlTemplate\":\"https:\\\/\\\/cretesetvallees.fr\\\/?s={search_term_string}\"},\"query-input\":{\"@type\":\"PropertyValueSpecification\",\"valueRequired\":true,\"valueName\":\"search_term_string\"}}],\"inLanguage\":\"fr-FR\"}]}<\/script>\n<!-- \/ Yoast SEO plugin. -->","yoast_head_json":{"title":"Marche Gourmande - Cr\u00eates et Vall\u00e9es","robots":{"index":"index","follow":"follow","max-snippet":"max-snippet:-1","max-image-preview":"max-image-preview:large","max-video-preview":"max-video-preview:-1"},"canonical":"https:\/\/cretesetvallees.fr\/index.php\/marche-gourmande-2\/","og_locale":"fr_FR","og_type":"article","og_title":"Marche Gourmande - Cr\u00eates et Vall\u00e9es","og_description":"Historique Juillet 2008, les responsables de Cr\u00eates et Vall\u00e9es se rendent en Vend\u00e9e, \u00e0 Boup\u00e8re pour participer \u00e0 une marche gourmande qui r\u00e9unit 1 000 personnes. Nos responsables sont emball\u00e9s, [&hellip;]","og_url":"https:\/\/cretesetvallees.fr\/index.php\/marche-gourmande-2\/","og_site_name":"Cr\u00eates et Vall\u00e9es","article_modified_time":"2025-09-19T08:11:38+00:00","og_image":[{"url":"https:\/\/cretesetvallees.fr\/wp-content\/uploads\/2025\/06\/1-2.jpg","type":"","width":"","height":""}],"twitter_card":"summary_large_image","twitter_misc":{"Dur\u00e9e de lecture estim\u00e9e":"2 minutes"},"schema":{"@context":"https:\/\/schema.org","@graph":[{"@type":"WebPage","@id":"https:\/\/cretesetvallees.fr\/index.php\/marche-gourmande-2\/","url":"https:\/\/cretesetvallees.fr\/index.php\/marche-gourmande-2\/","name":"Marche Gourmande - Cr\u00eates et Vall\u00e9es","isPartOf":{"@id":"https:\/\/cretesetvallees.fr\/#website"},"primaryImageOfPage":{"@id":"https:\/\/cretesetvallees.fr\/index.php\/marche-gourmande-2\/#primaryimage"},"image":{"@id":"https:\/\/cretesetvallees.fr\/index.php\/marche-gourmande-2\/#primaryimage"},"thumbnailUrl":"https:\/\/cretesetvallees.fr\/wp-content\/uploads\/2025\/06\/1-2.jpg","datePublished":"2023-12-20T10:43:34+00:00","dateModified":"2025-09-19T08:11:38+00:00","breadcrumb":{"@id":"https:\/\/cretesetvallees.fr\/index.php\/marche-gourmande-2\/#breadcrumb"},"inLanguage":"fr-FR","potentialAction":[{"@type":"ReadAction","target":["https:\/\/cretesetvallees.fr\/index.php\/marche-gourmande-2\/"]}]},{"@type":"ImageObject","inLanguage":"fr-FR","@id":"https:\/\/cretesetvallees.fr\/index.php\/marche-gourmande-2\/#primaryimage","url":"https:\/\/cretesetvallees.fr\/wp-content\/uploads\/2025\/06\/1-2.jpg","contentUrl":"https:\/\/cretesetvallees.fr\/wp-content\/uploads\/2025\/06\/1-2.jpg"},{"@type":"BreadcrumbList","@id":"https:\/\/cretesetvallees.fr\/index.php\/marche-gourmande-2\/#breadcrumb","itemListElement":[{"@type":"ListItem","position":1,"name":"Accueil","item":"https:\/\/cretesetvallees.fr\/"},{"@type":"ListItem","position":2,"name":"Marche Gourmande"}]},{"@type":"WebSite","@id":"https:\/\/cretesetvallees.fr\/#website","url":"https:\/\/cretesetvallees.fr\/","name":"Cr\u00eates et Vall\u00e9es","description":"","potentialAction":[{"@type":"SearchAction","target":{"@type":"EntryPoint","urlTemplate":"https:\/\/cretesetvallees.fr\/?s={search_term_string}"},"query-input":{"@type":"PropertyValueSpecification","valueRequired":true,"valueName":"search_term_string"}}],"inLanguage":"fr-FR"}]}},"uagb_featured_image_src":{"full":false,"thumbnail":false,"medium":false,"medium_large":false,"large":false,"1536x1536":false,"2048x2048":false,"post-image":false},"uagb_author_info":{"display_name":"R\u00e9gis","author_link":"https:\/\/www.cretesetvallees.fr\/index.php\/author\/root\/"},"uagb_comment_info":0,"uagb_excerpt":"Historique Juillet 2008, les responsables de Cr\u00eates et Vall\u00e9es se rendent en Vend\u00e9e, \u00e0 Boup\u00e8re pour participer \u00e0 une marche gourmande qui r\u00e9unit 1 000 personnes. Nos responsables sont emball\u00e9s, [&hellip;]","_links":{"self":[{"href":"https:\/\/www.cretesetvallees.fr\/index.php\/wp-json\/wp\/v2\/pages\/2605","targetHints":{"allow":["GET"]}}],"collection":[{"href":"https:\/\/www.cretesetvallees.fr\/index.php\/wp-json\/wp\/v2\/pages"}],"about":[{"href":"https:\/\/www.cretesetvallees.fr\/index.php\/wp-json\/wp\/v2\/types\/page"}],"author":[{"embeddable":true,"href":"https:\/\/www.cretesetvallees.fr\/index.php\/wp-json\/wp\/v2\/users\/1"}],"replies":[{"embeddable":true,"href":"https:\/\/www.cretesetvallees.fr\/index.php\/wp-json\/wp\/v2\/comments?post=2605"}],"version-history":[{"count":26,"href":"https:\/\/www.cretesetvallees.fr\/index.php\/wp-json\/wp\/v2\/pages\/2605\/revisions"}],"predecessor-version":[{"id":5047,"href":"https:\/\/www.cretesetvallees.fr\/index.php\/wp-json\/wp\/v2\/pages\/2605\/revisions\/5047"}],"wp:attachment":[{"href":"https:\/\/www.cretesetvallees.fr\/index.php\/wp-json\/wp\/v2\/media?parent=2605"}],"curies":[{"name":"wp","href":"https:\/\/api.w.org\/{rel}","templated":true}]}}