{"id":2684,"date":"2024-08-18T18:57:38","date_gmt":"2024-08-18T16:57:38","guid":{"rendered":"https:\/\/clients2.regisnicolo.fr\/?page_id=2684"},"modified":"2025-12-02T17:50:02","modified_gmt":"2025-12-02T16:50:02","slug":"mon-espace","status":"publish","type":"page","link":"https:\/\/www.cretesetvallees.fr\/index.php\/mon-espace\/","title":{"rendered":"Inscription \/ Connexion"},"content":{"rendered":"<div class=\"fls_auth_wrapper\"><div id=\"fls_login_form\" class=\"fls_login_wrapper\"><form name=\"loginform\" id=\"loginform\" action=\"https:\/\/www.cretesetvallees.fr\/\" method=\"post\"><p class=\"login-username\">\n\t\t\t\t<label for=\"user_login\">Username or Email Address<\/label>\n\t\t\t\t<input type=\"text\" name=\"log\" id=\"user_login\" autocomplete=\"username\" class=\"input\" value=\"\" size=\"20\" \/>\n\t\t\t<\/p><p class=\"login-password\">\n\t\t\t\t<label for=\"user_pass\">Mot de passe<\/label>\n\t\t\t\t<input type=\"password\" name=\"pwd\" id=\"user_pass\" autocomplete=\"current-password\" class=\"input\" value=\"\" size=\"20\" \/>\n\t\t\t<\/p><p class=\"login-remember\"><label><input name=\"rememberme\" type=\"checkbox\" id=\"rememberme\" value=\"forever\" checked=\"checked\" \/> Remember Me<\/label><\/p><p class=\"login-submit\">\n\t\t\t\t<input type=\"submit\" name=\"wp-submit\" id=\"wp-submit\" class=\"button button-primary\" value=\"Log In\" \/>\n\t\t\t\t<input type=\"hidden\" name=\"redirect_to\" value=\"\" \/>\n\t\t\t<\/p><\/form><p style=\"text-align: center\">Pas inscrit ? <a href=\"#\" id=\"fls_show_signup\">Cr\u00e9er un compte <\/a><\/p><p style=\"text-align: center\">Mot de passe oubli\u00e9 ? <a href=\"#\" id=\"fls_show_reset_password\">R\u00e9initialisez votre mot de passe<\/a><\/p><\/div><div class=\"fls_registration_wrapper hide\"><form id=\"flsRegistrationForm\" class=\"fls_registration_form\" method=\"post\" name=\"fls_registration_form\"><div class=\"fls_registration_fields\"><div class=\"fls_field_group fls_field_first_name\"><div class=\"fls_field_label is-required\"><label for=\"fls_first_name\">First Name<\/label><\/div><div class=\"fs_input_wrap\"><input type=\"text\" id=\"fls_first_name\" placeholder=\"First Name\" name=\"first_name\" required\/><\/div><\/div><div class=\"fls_field_group fls_field_last_name\"><div class=\"fls_field_label \"><label for=\"fls_last_name\">Last Name<\/label><\/div><div class=\"fs_input_wrap\"><input type=\"text\" id=\"fls_last_name\" placeholder=\"Last Name\" name=\"last_name\" \/><\/div><\/div><div class=\"fls_field_group fls_field_username\"><div class=\"fls_field_label is-required\"><label for=\"fls_reg_username\">Username<\/label><\/div><div class=\"fs_input_wrap\"><input type=\"text\" id=\"fls_reg_username\" placeholder=\"Username\" name=\"username\" required\/><\/div><\/div><div class=\"fls_field_group fls_field_email\"><div class=\"fls_field_label is-required\"><label for=\"fls_reg_email\">Email Address<\/label><\/div><div class=\"fs_input_wrap\"><input type=\"email\" id=\"fls_reg_email\" placeholder=\"Your Email Address\" name=\"email\" required\/><\/div><\/div><div class=\"fls_field_group fls_field_password\"><div class=\"fls_field_label is-required\"><label for=\"fls_reg_password\">Mot de passe<\/label><\/div><div class=\"fs_input_wrap\"><input type=\"password\" id=\"fls_reg_password\" placeholder=\"Mot de passe\" name=\"password\" required\/><\/div><\/div><input type=\"hidden\" name=\"__redirect_to\" value=\"\"><input type=\"hidden\" name=\"_fls_signup_nonce\" value=\"8d872ff203\"><button type=\"submit\" id=\"fls_submit\"><svg version=\"1.1\" class=\"fls_loading_svg\" x=\"0px\" y=\"0px\" width=\"40px\" height=\"20px\" viewBox=\"0 0 50 50\" style=\"enable-background:new 0 0 50 50;\" xml:space=\"preserve\">\n            <path fill=\"currentColor\" d=\"M43.935,25.145c0-10.318-8.364-18.683-18.683-18.683c-10.318,0-18.683,8.365-18.683,18.683h4.068c0-8.071,6.543-14.615,14.615-14.615c8.072,0,14.615,6.543,14.615,14.615H43.935z\">\n              <animateTransform attributeType=\"xml\"\n                attributeName=\"transform\"\n                type=\"rotate\"\n                from=\"0 25 25\"\n                to=\"360 25 25\"\n                dur=\"0.6s\"\n                repeatCount=\"indefinite\"\/>\n              <\/path>\n        <\/svg><span>Inscription<\/span><\/button><\/div><\/form><p style=\"text-align: center\">Vous avez d\u00e9j\u00e0 un compte ? <a href=\"#\" id=\"fls_show_login\">Se connecter<\/a><\/p><\/div><div class=\"fls_reset_pass_wrapper hide\"><form id=\"flsResetPasswordForm\" class=\"fls_reset_pass_form\" method=\"post\" name=\"fls_reset_pass_form\"><div class=\"fls_field_group fls_field_user_login\"><div class=\"fls_field_label is-required\"><label for=\"fls_email\">Email Address<\/label><\/div><div class=\"fs_input_wrap\"><input type=\"text\" id=\"fls_email\" placeholder=\"Your Email Address\" name=\"user_login\" required\/><\/div><\/div><input type=\"hidden\" name=\"__redirect_to\" value=\"\"><input type=\"hidden\" name=\"_fls_reset_pass_nonce\" value=\"2e292ccf48\"><button type=\"submit\" id=\"fls_reset_pass\"><svg version=\"1.1\" class=\"fls_loading_svg\" x=\"0px\" y=\"0px\" width=\"40px\" height=\"20px\" viewBox=\"0 0 50 50\" style=\"enable-background:new 0 0 50 50;\" xml:space=\"preserve\">\n            <path fill=\"currentColor\" d=\"M43.935,25.145c0-10.318-8.364-18.683-18.683-18.683c-10.318,0-18.683,8.365-18.683,18.683h4.068c0-8.071,6.543-14.615,14.615-14.615c8.072,0,14.615,6.543,14.615,14.615H43.935z\">\n              <animateTransform attributeType=\"xml\"\n                attributeName=\"transform\"\n                type=\"rotate\"\n                from=\"0 25 25\"\n                to=\"360 25 25\"\n                dur=\"0.6s\"\n                repeatCount=\"indefinite\"\/>\n              <\/path>\n        <\/svg><span>R\u00e9initialisez votre mot de passe<\/span><\/button><\/form><\/div><\/div>\n","protected":false},"excerpt":{"rendered":"","protected":false},"author":1,"featured_media":0,"parent":0,"menu_order":0,"comment_status":"closed","ping_status":"closed","template":"template-fullwidth.php","meta":{"_uag_custom_page_level_css":".fls_auth_wrapper{\nmargin-left : 10em;\n}","_monsterinsights_skip_tracking":false,"_monsterinsights_sitenote_active":false,"_monsterinsights_sitenote_note":"","_monsterinsights_sitenote_category":0,"_EventAllDay":false,"_EventTimezone":"","_EventStartDate":"","_EventEndDate":"","_EventStartDateUTC":"","_EventEndDateUTC":"","_EventShowMap":false,"_EventShowMapLink":false,"_EventURL":"","_EventCost":"","_EventCostDescription":"","_EventCurrencySymbol":"","_EventCurrencyCode":"","_EventCurrencyPosition":"","_EventDateTimeSeparator":"","_EventTimeRangeSeparator":"","_EventOrganizerID":[],"_EventVenueID":[],"_OrganizerEmail":"","_OrganizerPhone":"","_OrganizerWebsite":"","_VenueAddress":"","_VenueCity":"","_VenueCountry":"","_VenueProvince":"","_VenueState":"","_VenueZip":"","_VenuePhone":"","_VenueURL":"","_VenueStateProvince":"","_VenueLat":"","_VenueLng":"","_VenueShowMap":false,"_VenueShowMapLink":false,"footnotes":""},"class_list":["post-2684","page","type-page","status-publish","hentry","post-preview"],"yoast_head":"<!-- This site is optimized with the Yoast SEO plugin v27.5 - https:\/\/yoast.com\/product\/yoast-seo-wordpress\/ -->\n<title>Inscription \/ Connexion - Cr\u00eates et Vall\u00e9es<\/title>\n<meta name=\"robots\" content=\"index, follow, max-snippet:-1, max-image-preview:large, max-video-preview:-1\" \/>\n<link rel=\"canonical\" href=\"https:\/\/cretesetvallees.fr\/index.php\/mon-espace\/\" \/>\n<meta property=\"og:locale\" content=\"fr_FR\" \/>\n<meta property=\"og:type\" content=\"article\" \/>\n<meta property=\"og:title\" content=\"Inscription \/ Connexion - Cr\u00eates et Vall\u00e9es\" \/>\n<meta property=\"og:url\" content=\"https:\/\/cretesetvallees.fr\/index.php\/mon-espace\/\" \/>\n<meta property=\"og:site_name\" content=\"Cr\u00eates et Vall\u00e9es\" \/>\n<meta property=\"article:modified_time\" content=\"2025-12-02T16:50:02+00:00\" \/>\n<meta name=\"twitter:card\" content=\"summary_large_image\" \/>\n<meta name=\"twitter:label1\" content=\"Dur\u00e9e de lecture estim\u00e9e\" \/>\n\t<meta name=\"twitter:data1\" content=\"1 minute\" \/>\n<script type=\"application\/ld+json\" class=\"yoast-schema-graph\">{\"@context\":\"https:\\\/\\\/schema.org\",\"@graph\":[{\"@type\":\"WebPage\",\"@id\":\"https:\\\/\\\/cretesetvallees.fr\\\/index.php\\\/mon-espace\\\/\",\"url\":\"https:\\\/\\\/cretesetvallees.fr\\\/index.php\\\/mon-espace\\\/\",\"name\":\"Inscription \\\/ Connexion - Cr\u00eates et Vall\u00e9es\",\"isPartOf\":{\"@id\":\"https:\\\/\\\/cretesetvallees.fr\\\/#website\"},\"datePublished\":\"2024-08-18T16:57:38+00:00\",\"dateModified\":\"2025-12-02T16:50:02+00:00\",\"breadcrumb\":{\"@id\":\"https:\\\/\\\/cretesetvallees.fr\\\/index.php\\\/mon-espace\\\/#breadcrumb\"},\"inLanguage\":\"fr-FR\",\"potentialAction\":[{\"@type\":\"ReadAction\",\"target\":[\"https:\\\/\\\/cretesetvallees.fr\\\/index.php\\\/mon-espace\\\/\"]}]},{\"@type\":\"BreadcrumbList\",\"@id\":\"https:\\\/\\\/cretesetvallees.fr\\\/index.php\\\/mon-espace\\\/#breadcrumb\",\"itemListElement\":[{\"@type\":\"ListItem\",\"position\":1,\"name\":\"Accueil\",\"item\":\"https:\\\/\\\/cretesetvallees.fr\\\/\"},{\"@type\":\"ListItem\",\"position\":2,\"name\":\"Inscription \\\/ Connexion\"}]},{\"@type\":\"WebSite\",\"@id\":\"https:\\\/\\\/cretesetvallees.fr\\\/#website\",\"url\":\"https:\\\/\\\/cretesetvallees.fr\\\/\",\"name\":\"Cr\u00eates et Vall\u00e9es\",\"description\":\"\",\"potentialAction\":[{\"@type\":\"SearchAction\",\"target\":{\"@type\":\"EntryPoint\",\"urlTemplate\":\"https:\\\/\\\/cretesetvallees.fr\\\/?s={search_term_string}\"},\"query-input\":{\"@type\":\"PropertyValueSpecification\",\"valueRequired\":true,\"valueName\":\"search_term_string\"}}],\"inLanguage\":\"fr-FR\"}]}<\/script>\n<!-- \/ Yoast SEO plugin. -->","yoast_head_json":{"title":"Inscription \/ Connexion - Cr\u00eates et Vall\u00e9es","robots":{"index":"index","follow":"follow","max-snippet":"max-snippet:-1","max-image-preview":"max-image-preview:large","max-video-preview":"max-video-preview:-1"},"canonical":"https:\/\/cretesetvallees.fr\/index.php\/mon-espace\/","og_locale":"fr_FR","og_type":"article","og_title":"Inscription \/ Connexion - Cr\u00eates et Vall\u00e9es","og_url":"https:\/\/cretesetvallees.fr\/index.php\/mon-espace\/","og_site_name":"Cr\u00eates et Vall\u00e9es","article_modified_time":"2025-12-02T16:50:02+00:00","twitter_card":"summary_large_image","twitter_misc":{"Dur\u00e9e de lecture estim\u00e9e":"1 minute"},"schema":{"@context":"https:\/\/schema.org","@graph":[{"@type":"WebPage","@id":"https:\/\/cretesetvallees.fr\/index.php\/mon-espace\/","url":"https:\/\/cretesetvallees.fr\/index.php\/mon-espace\/","name":"Inscription \/ Connexion - Cr\u00eates et Vall\u00e9es","isPartOf":{"@id":"https:\/\/cretesetvallees.fr\/#website"},"datePublished":"2024-08-18T16:57:38+00:00","dateModified":"2025-12-02T16:50:02+00:00","breadcrumb":{"@id":"https:\/\/cretesetvallees.fr\/index.php\/mon-espace\/#breadcrumb"},"inLanguage":"fr-FR","potentialAction":[{"@type":"ReadAction","target":["https:\/\/cretesetvallees.fr\/index.php\/mon-espace\/"]}]},{"@type":"BreadcrumbList","@id":"https:\/\/cretesetvallees.fr\/index.php\/mon-espace\/#breadcrumb","itemListElement":[{"@type":"ListItem","position":1,"name":"Accueil","item":"https:\/\/cretesetvallees.fr\/"},{"@type":"ListItem","position":2,"name":"Inscription \/ Connexion"}]},{"@type":"WebSite","@id":"https:\/\/cretesetvallees.fr\/#website","url":"https:\/\/cretesetvallees.fr\/","name":"Cr\u00eates et Vall\u00e9es","description":"","potentialAction":[{"@type":"SearchAction","target":{"@type":"EntryPoint","urlTemplate":"https:\/\/cretesetvallees.fr\/?s={search_term_string}"},"query-input":{"@type":"PropertyValueSpecification","valueRequired":true,"valueName":"search_term_string"}}],"inLanguage":"fr-FR"}]}},"uagb_featured_image_src":{"full":false,"thumbnail":false,"medium":false,"medium_large":false,"large":false,"1536x1536":false,"2048x2048":false,"post-image":false},"uagb_author_info":{"display_name":"R\u00e9gis","author_link":"https:\/\/www.cretesetvallees.fr\/index.php\/author\/root\/"},"uagb_comment_info":0,"uagb_excerpt":null,"_links":{"self":[{"href":"https:\/\/www.cretesetvallees.fr\/index.php\/wp-json\/wp\/v2\/pages\/2684","targetHints":{"allow":["GET"]}}],"collection":[{"href":"https:\/\/www.cretesetvallees.fr\/index.php\/wp-json\/wp\/v2\/pages"}],"about":[{"href":"https:\/\/www.cretesetvallees.fr\/index.php\/wp-json\/wp\/v2\/types\/page"}],"author":[{"embeddable":true,"href":"https:\/\/www.cretesetvallees.fr\/index.php\/wp-json\/wp\/v2\/users\/1"}],"replies":[{"embeddable":true,"href":"https:\/\/www.cretesetvallees.fr\/index.php\/wp-json\/wp\/v2\/comments?post=2684"}],"version-history":[{"count":5,"href":"https:\/\/www.cretesetvallees.fr\/index.php\/wp-json\/wp\/v2\/pages\/2684\/revisions"}],"predecessor-version":[{"id":5202,"href":"https:\/\/www.cretesetvallees.fr\/index.php\/wp-json\/wp\/v2\/pages\/2684\/revisions\/5202"}],"wp:attachment":[{"href":"https:\/\/www.cretesetvallees.fr\/index.php\/wp-json\/wp\/v2\/media?parent=2684"}],"curies":[{"name":"wp","href":"https:\/\/api.w.org\/{rel}","templated":true}]}}